{"id":3682,"date":"2025-08-29T09:44:24","date_gmt":"2025-08-29T09:44:24","guid":{"rendered":"https:\/\/calmalingua.com\/"},"modified":"2025-10-03T09:28:26","modified_gmt":"2025-10-03T09:28:26","slug":"tete-de-mat","status":"publish","type":"page","link":"https:\/\/calmalingua.com\/fr\/tete-de-mat\/","title":{"rendered":"Mentions l\u00e9gales"},"content":{"rendered":"<div data-elementor-type=\"wp-page\" data-elementor-id=\"3682\" class=\"elementor elementor-3682\" data-elementor-post-type=\"page\">\n\t\t\t\t<div class=\"elementor-element elementor-element-6d71fe6 e-flex e-con-boxed e-con e-parent\" data-id=\"6d71fe6\" data-element_type=\"container\" data-settings=\"{&quot;background_background&quot;:&quot;classic&quot;}\">\n\t\t\t\t\t<div class=\"e-con-inner\">\n\t\t\t\t<div class=\"elementor-element elementor-element-65e4218 no-translate elementor-invisible elementor-widget elementor-widget-heading\" data-id=\"65e4218\" data-element_type=\"widget\" data-settings=\"{&quot;_animation&quot;:&quot;fadeIn&quot;}\" data-widget_type=\"heading.default\">\n\t\t\t\t\t<h2 class=\"elementor-heading-title elementor-size-default\">Mentions l\u00e9gales<\/h2>\t\t\t\t<\/div>\n\t\t\t\t<div class=\"elementor-element elementor-element-2bed8ad no-translate elementor-widget elementor-widget-text-editor\" data-id=\"2bed8ad\" data-element_type=\"widget\" data-widget_type=\"text-editor.default\">\n\t\t\t\t\t\t\t\t\t<p><strong>\u00c9diteur de sites web<\/strong><\/p><p>Le propri\u00e9taire du site web : <b>Erika Gyorfi <\/b>micro-entrepreneur. Le si\u00e8ge est \u00e9tabli \u00e0 571, rue Henri Bergson, 30000 NIMES, France. Contact : +33 6 61 32 09 05, Courriel : info@calmalingua.com. Num\u00e9ro d'enregistrement de la soci\u00e9t\u00e9 : 528 219 819 00026.<\/p><p><strong>H\u00e9bergeur<\/strong><\/p><p>Le site est h\u00e9berg\u00e9 par Hostinger International Ltd, situ\u00e9 au 61 Lordou Vironos Street, 6023 Larnaca, Chypre. Pour toute question relative \u00e0 l\u2019h\u00e9bergement, vous pouvez les contacter au +357 25 030 600.<\/p><p><strong>Protection des donn\u00e9es<\/strong><\/p><p>Les donn\u00e9es personnelles collect\u00e9es sur ce site sont utilis\u00e9es uniquement pour r\u00e9pondre \u00e0 vos demandes. Conform\u00e9ment au RGPD, vous pouvez demander l\u2019acc\u00e8s, la rectification ou la suppression de vos donn\u00e9es \u00e0 l\u2019adresse info@calmalingua.com.<\/p><p><strong>Conditions d'utilisation<\/strong><\/p><p>L\u2019utilisateur s\u2019engage \u00e0 ne pas utiliser ce site \u00e0 des fins ill\u00e9gales. L\u2019\u00e9diteur ne peut \u00eatre tenu responsable des dommages li\u00e9s \u00e0 l\u2019utilisation du site<\/p>\t\t\t\t\t\t\t\t<\/div>\n\t\t\t\t\t<\/div>\n\t\t\t\t<\/div>\n\t\t\t\t<\/div>","protected":false},"excerpt":{"rendered":"<p>Jogi inform\u00e1ci\u00f3 Weboldal szerkeszt\u0151je A weboldal tulajdonosa: Gyorfi Erika, v\u00e1llalkoz\u00f3 A v\u00e1llalkoz\u00e1s sz\u00e9khelye: 571, rue Henri Bergson, 30000 NIMES, Franciaorsz\u00e1g. Kapcsolatfelv\u00e9tel: +36 70 728 25 12, e-mail: info@calmalingua.com. A v\u00e1llalkoz\u00e1s bejegyz\u00e9si sz\u00e1ma: 528 219 819 00026. Weboldal szolg\u00e1ltat\u00f3ja A weboldal szolg\u00e1ltat\u00f3ja a Hostinger International Ltd, situ\u00e9 au 61 Lordou Vironos Street, 6023 Larnaca, Ciprus. Kapcsolatfelv\u00e9tel [&hellip;]<\/p>","protected":false},"author":1,"featured_media":0,"parent":0,"menu_order":0,"comment_status":"closed","ping_status":"closed","template":"elementor_header_footer","meta":{"site-sidebar-layout":"no-sidebar","site-content-layout":"page-builder","ast-site-content-layout":"full-width-container","site-content-style":"default","site-sidebar-style":"default","ast-global-header-display":"","ast-banner-title-visibility":"","ast-main-header-display":"","ast-hfb-above-header-display":"","ast-hfb-below-header-display":"","ast-hfb-mobile-header-display":"","site-post-title":"","ast-breadcrumbs-content":"","ast-featured-img":"disabled","footer-sml-layout":"","theme-transparent-header-meta":"","adv-header-id-meta":"","stick-header-meta":"","header-above-stick-meta":"","header-main-stick-meta":"","header-below-stick-meta":"","astra-migrate-meta-layouts":"set","ast-page-background-enabled":"default","ast-page-background-meta":{"desktop":{"background-color":"","background-image":"","background-repeat":"repeat","background-position":"center center","background-size":"auto","background-attachment":"scroll","background-type":"","background-media":"","overlay-type":"","overlay-color":"","overlay-opacity":"","overlay-gradient":""},"tablet":{"background-color":"","background-image":"","background-repeat":"repeat","background-position":"center center","background-size":"auto","background-attachment":"scroll","background-type":"","background-media":"","overlay-type":"","overlay-color":"","overlay-opacity":"","overlay-gradient":""},"mobile":{"background-color":"","background-image":"","background-repeat":"repeat","background-position":"center center","background-size":"auto","background-attachment":"scroll","background-type":"","background-media":"","overlay-type":"","overlay-color":"","overlay-opacity":"","overlay-gradient":""}},"ast-content-background-meta":{"desktop":{"background-color":"var(--ast-global-color-5)","background-image":"","background-repeat":"repeat","background-position":"center center","background-size":"auto","background-attachment":"scroll","background-type":"","background-media":"","overlay-type":"","overlay-color":"","overlay-opacity":"","overlay-gradient":""},"tablet":{"background-color":"var(--ast-global-color-5)","background-image":"","background-repeat":"repeat","background-position":"center center","background-size":"auto","background-attachment":"scroll","background-type":"","background-media":"","overlay-type":"","overlay-color":"","overlay-opacity":"","overlay-gradient":""},"mobile":{"background-color":"var(--ast-global-color-5)","background-image":"","background-repeat":"repeat","background-position":"center center","background-size":"auto","background-attachment":"scroll","background-type":"","background-media":"","overlay-type":"","overlay-color":"","overlay-opacity":"","overlay-gradient":""}},"footnotes":""},"class_list":["post-3682","page","type-page","status-publish","hentry"],"_links":{"self":[{"href":"https:\/\/calmalingua.com\/fr\/wp-json\/wp\/v2\/pages\/3682","targetHints":{"allow":["GET"]}}],"collection":[{"href":"https:\/\/calmalingua.com\/fr\/wp-json\/wp\/v2\/pages"}],"about":[{"href":"https:\/\/calmalingua.com\/fr\/wp-json\/wp\/v2\/types\/page"}],"author":[{"embeddable":true,"href":"https:\/\/calmalingua.com\/fr\/wp-json\/wp\/v2\/users\/1"}],"replies":[{"embeddable":true,"href":"https:\/\/calmalingua.com\/fr\/wp-json\/wp\/v2\/comments?post=3682"}],"version-history":[{"count":22,"href":"https:\/\/calmalingua.com\/fr\/wp-json\/wp\/v2\/pages\/3682\/revisions"}],"predecessor-version":[{"id":3761,"href":"https:\/\/calmalingua.com\/fr\/wp-json\/wp\/v2\/pages\/3682\/revisions\/3761"}],"wp:attachment":[{"href":"https:\/\/calmalingua.com\/fr\/wp-json\/wp\/v2\/media?parent=3682"}],"curies":[{"name":"wp","href":"https:\/\/api.w.org\/{rel}","templated":true}]}}